{"id":370,"date":"2017-06-07T20:59:40","date_gmt":"2017-06-07T20:59:40","guid":{"rendered":"http:\/\/bercetessoucis.be\/?page_id=370"},"modified":"2017-11-18T15:26:46","modified_gmt":"2017-11-18T15:26:46","slug":"les-elixirs-floraux","status":"publish","type":"page","link":"https:\/\/bercetessoucis.be\/?page_id=370","title":{"rendered":"Les \u00e9lixirs floraux"},"content":{"rendered":"<p><a href=\"http:\/\/bercetessoucis.be\/wp-content\/uploads\/2017\/06\/1427357802.png\"><img loading=\"lazy\" class=\"alignleft wp-image-372 size-full\" src=\"http:\/\/bercetessoucis.be\/wp-content\/uploads\/2017\/06\/1427357802.png\" alt=\"1427357802\" width=\"259\" height=\"194\" \/><\/a><\/p>\n<p>Lieu de vie du p\u00e8re de la florith\u00e9rapie, le Docteur Edward Bach<\/p>\n<p><a href=\"http:\/\/artstella-elixirs-floraux.com\/La-vie-du-Dr-Edward-Bach\" target=\"_blank\" rel=\"noopener\">http:\/\/artstella-elixirs-floraux.com\/La-vie-du-Dr-Edward-Bach<\/a><\/p>\n<p>&nbsp;<\/p>\n<p>&nbsp;<\/p>\n<p><strong>Les \u00e9lixirs floraux<\/strong> sont de subtils extraits liquides pr\u00e9par\u00e9s par <strong>infusion solaire<\/strong> de fleurs sauvages ou cultiv\u00e9es.<br \/>\nChaque \u00e9lixir est porteur d\u2019une qualit\u00e9 sp\u00e9cifiquement li\u00e9e \u00e0 l\u2019esp\u00e8ce florale dont il est issu. Cette qualit\u00e9 est l\u2019expression d\u2019une capacit\u00e9 de <strong>r\u00e9\u00e9quilibrage \u00e9motionnel<\/strong> mais aussi d\u2019une dynamique d\u2019<strong>\u00e9panouissement <\/strong>et de <strong>transformation de la personne<\/strong> vers plus de cr\u00e9ativit\u00e9 et d\u2019authenticit\u00e9.<\/p>\n<p>Utilis\u00e9s occasionnellement, ils servent \u00e0 \u00e9quilibrer une humeur, \u00e0 surmonter une \u00e9preuve, \u00e0 d\u00e9passer une peur, une contrari\u00e9t\u00e9 ou un manque de confiance en soi&#8230;Utilis\u00e9s sur de plus longues p\u00e9riodes, ils agissent sur les blocages \u00e9motionnels profonds et permettent de franchir le plus harmonieusement possible les diff\u00e9rentes \u00e9tapes de la vie.<\/p>\n<p>La pr\u00e9paration des \u00e9lixirs floraux est un processus vivant et dynamique qui tient compte des influences des \u00e9l\u00e9ments naturels et environnementaux. Toutes les conditions et les \u00e9tapes de la pr\u00e9paration doivent \u00eatre rigoureusement respect\u00e9es afin de permettre la mise en lien subtile entre la sensibilit\u00e9 propre \u00e0 chaque esp\u00e8ce v\u00e9g\u00e9tale et\u00a0 la vie \u00e9motionnelle de l\u2019\u00eatre humain.<\/p>\n<p><strong>Un \u00e9lixir floral se pr\u00e9pare en 2 \u00e9tapes : \u00a0<\/strong><\/p>\n<h3><img loading=\"lazy\" src=\"http:\/\/www.deva-lesemotions.com\/data\/fckeditor\/image\/photo(3)(1).jpg\" alt=\"\" width=\"300\" height=\"190\" align=\"left\" \/><u>Premi\u00e8re \u00e9tape: la pr\u00e9paration de l\u2019\u00e9lixir-m\u00e8re<\/u><\/h3>\n<p>L\u2019\u00e9lixir-m\u00e8re est obtenu par infusion solaire de fleurs dans de l\u2019eau. D\u00e8s leur cueillette, les fleurs\u00a0 d\u2019une esp\u00e8ce v\u00e9g\u00e9tale choisie sont d\u00e9pos\u00e9es \u00e0 la surface d\u2019une eau de source tr\u00e8s pure, puis\u00a0 expos\u00e9es au soleil, dans leur milieu naturel, pendant plusieurs heures.<br \/>\nCette infusion solaire est ensuite filtr\u00e9e, m\u00e9lang\u00e9e \u00e0 de l\u2019alcool (qui sert de conservateur), puis dynamis\u00e9e : on obtient ainsi l\u2019\u00e9lixir-m\u00e8re.<\/p>\n<h3><u>Deuxi\u00e8me \u00e9tape : la pr\u00e9paration de l\u2019\u00e9lixir floral<\/u><\/h3>\n<p>L\u2019\u00e9lixir floral se pr\u00e9pare en int\u00e9grant quelques gouttes de l\u2019\u00e9lixir-m\u00e8re dans une <strong>base traditionnelle de cognac bio<\/strong>(alcool 20% vol.) ou dans <strong>une base de s\u00e8ve d\u2019\u00e9rable bio\u00a0<\/strong>(alcool 0,2% vol.).<\/p>\n<p>On obtient l\u2019\u00e9lixir floral en 1\u00e8re dilution.<\/p>\n<p>ref:<a href=\"http:\/\/www.deva-lesemotions.com\/specialiste-des-emotions\/la-floritherapie\">http:\/\/www.deva-lesemotions.com\/specialiste-des-emotions\/la-floritherapie<\/a><\/p>\n<p>&nbsp;<\/p>\n","protected":false},"excerpt":{"rendered":"<p>Lieu de vie du p\u00e8re de la florith\u00e9rapie, le Docteur Edward Bach http:\/\/artstella-elixirs-floraux.com\/La-vie-du-Dr-Edward-Bach &nbsp; &nbsp; Les \u00e9lixirs floraux sont de subtils extraits liquides pr\u00e9par\u00e9s par infusion solaire de fleurs sauvages ou cultiv\u00e9es. Chaque \u00e9lixir est porteur d\u2019une qualit\u00e9 sp\u00e9cifiquement li\u00e9e \u00e0 l\u2019esp\u00e8ce florale dont il est issu. Cette qualit\u00e9 est l\u2019expression d\u2019une capacit\u00e9 de r\u00e9\u00e9quilibrage [&hellip;]<\/p>\n","protected":false},"author":1,"featured_media":0,"parent":53,"menu_order":6,"comment_status":"closed","ping_status":"open","template":"","meta":[],"_links":{"self":[{"href":"https:\/\/bercetessoucis.be\/index.php?rest_route=\/wp\/v2\/pages\/370"}],"collection":[{"href":"https:\/\/bercetessoucis.be\/index.php?rest_route=\/wp\/v2\/pages"}],"about":[{"href":"https:\/\/bercetessoucis.be\/index.php?rest_route=\/wp\/v2\/types\/page"}],"author":[{"embeddable":true,"href":"https:\/\/bercetessoucis.be\/index.php?rest_route=\/wp\/v2\/users\/1"}],"replies":[{"embeddable":true,"href":"https:\/\/bercetessoucis.be\/index.php?rest_route=%2Fwp%2Fv2%2Fcomments&post=370"}],"version-history":[{"count":4,"href":"https:\/\/bercetessoucis.be\/index.php?rest_route=\/wp\/v2\/pages\/370\/revisions"}],"predecessor-version":[{"id":404,"href":"https:\/\/bercetessoucis.be\/index.php?rest_route=\/wp\/v2\/pages\/370\/revisions\/404"}],"up":[{"embeddable":true,"href":"https:\/\/bercetessoucis.be\/index.php?rest_route=\/wp\/v2\/pages\/53"}],"wp:attachment":[{"href":"https:\/\/bercetessoucis.be\/index.php?rest_route=%2Fwp%2Fv2%2Fmedia&parent=370"}],"curies":[{"name":"wp","href":"https:\/\/api.w.org\/{rel}","templated":true}]}}