{"id":336,"date":"2015-02-08T19:38:23","date_gmt":"2015-02-08T19:38:23","guid":{"rendered":"http:\/\/bercetessoucis.be\/?page_id=336"},"modified":"2017-11-18T15:18:32","modified_gmt":"2017-11-18T15:18:32","slug":"effet-rebond","status":"publish","type":"page","link":"https:\/\/bercetessoucis.be\/?page_id=336","title":{"rendered":"Effet rebond!"},"content":{"rendered":"<p><i>Quand c\u2019est pire apr\u00e8s la s\u00e9ance de r\u00e9flexologie<\/i><\/p>\n<p>fortement inspir\u00e9 de\u00a0<a href=\"http:\/\/conscience-et-sante.com\/effet-rebond\/\">Wladislas BARATH<\/a>,\u00a0ost\u00e9opathe<\/p>\n<p>&nbsp;<\/p>\n<p>Vous sortez d\u2019une s\u00e9ance et vous vous sentez bien. Mais voil\u00e0 qu\u2019apparait\u00a0le lendemain ou un peu plus tard, des signes pour le moins d\u00e9sagr\u00e9ables auxquels vous ne vous attendiez pas. Tout va pour le pire et vous regrettez peut-\u00eatre d\u2019avoir opt\u00e9 pour le praticien en question. Finalement, n\u2019avez-vous pas eu tort d\u2019aller le voir sur les recommandations\u00a0d\u2019Untel ? Vous commencez \u00e0 le regretter et vous vous demandez que faire\u2026 Laissez-moi vous expliquer ce qui est en train de se passer dans votre corps, et vous saurez comment il convient de r\u00e9agir.<\/p>\n<p><i>Un r\u00e9flexe d\u00e9sagr\u00e9able, mais heureusement\u00a0momentan\u00e9<\/i><\/p>\n<p>Ce qui vous arrive porte le nom d\u2019<b>effet-rebond<\/b>. C\u2019est une aggravation r\u00e9actionnelle transitoire qui survient le lendemain ou le surlendemain d\u2019un soin, alors que tout semblait aller pour le mieux. Cette phase est d\u2019autant plus surprenante que la personne, rentr\u00e9e soulag\u00e9e par le soin, se sentait alors beaucoup mieux, d\u2019o\u00f9 sa d\u00e9ception (\u00ab\u00a0<i>\u00e7a n\u2019a pas march\u00e9<\/i>\u00a0\u00bb ou \u00ab\u00a0<i>\u00e7a n\u2019a servi \u00e0 rien<\/i>\u00ab\u00a0) ou le doute (\u00ab\u00a0<i>le th\u00e9rapeute n\u2019aurait pas fait une b\u00e9vue ?<\/i>\u00ab\u00a0). Eh bien c\u2019est \u00e9trange, mais ce qui se passe est tout \u00e0 fait normal, et m\u00eame plut\u00f4t attendu.<\/p>\n<p>L\u2019<b>effet rebond<\/b>\u00a0vient du grec\u00a0<i>resbon<\/i>, factice. C\u2019est un terme usit\u00e9 dans plusieurs disciplines\u00a0: en m\u00e9decine, en psychologie, comme en \u00e9conomie. Dans les soins, cette phase \u00a0dure en g\u00e9n\u00e9ral<strong> 1 \u00e0 3<\/strong><b>\u00a0jours,<\/b>\u00a0durant lesquels tout est possible. Ce qui fait que si la personne ressort de la s\u00e9ance avec un \u00a0soulagement et cette impression d\u2019\u00eatre d\u00e9rouill\u00e9, les jours suivants\u00a0sont moins glorieux. Appara\u00eet une phase d\u2019exag\u00e9ration parfois assez spectaculaire\u00a0: fatigue, courbature, apparition de douleurs vari\u00e9es, impression d\u2019avoir \u00e9t\u00e9 pass\u00e9 sous un rouleau compresseur, etc. Et puis, normalement miracle : tous ces sympt\u00f4mes disparaissent, y compris celui qui constituait le motif de la consultation.<\/p>\n<p><i>Le prix \u00e0 payer<\/i><\/p>\n<p>La douleur n\u2019est pas l\u00e0 pour nuire. Elle a une fonction. Elle est un signal d\u2019alarme qui oblige la personne \u00e0 r\u00e9agir, voire \u00e0 chercher une aide ext\u00e9rieure. Elle peut \u00eatre aig\u00fce ou chronique, et plus ou moins expressive. A minima, elle subsiste en toile de fond comme une g\u00e8ne supportable au fil des ans. Mais derri\u00e8re cette douleur se dessine un syst\u00e8me qui arrive aux limites de son adaptation. Le corps s\u2019\u00e9puise \u00e0 lutter contre un d\u00e9s\u00e9quilibre permanent<\/p>\n<p>Lorsqu\u2019on l\u00e8ve l\u2019obstacle \u2013 l\u2019origine du d\u00e9s\u00e9quilibre \u2013 l\u2019organisme peut enfin se lancer dans un processus de r\u00e9paration. Celui-ci est consommateur d\u2019\u00e9nergie et provoque des oed\u00e8mes, dits de \u00ab\u00a0<i>r\u00e9paration<\/i>\u00ab\u00a0, aux endroits qui n\u00e9cessitent remaniement. Ces zones font partie de la chaine dysfonctionnelle reliant la cause du probl\u00e8me \u00e0 son expression (le sympt\u00f4me).<\/p>\n<p>Malheureusement, aux endroits o\u00f9 l\u2019espace manque (au niveau de la sortie des nerfs de la colonne vert\u00e9brale, la base du cr\u00e2ne, sous la clavicule, au niveau du canal carpien, certaines articulations, etc.) l\u2019oed\u00e8me fera compression, ce qui est douloureux, parfois plus qu\u2019avant consultation.<\/p>\n<p><i>Des signes de bon augure<\/i><\/p>\n<p>M\u00eame si d\u00e9sagr\u00e9able, cet effet rebond est donc de bon augure. Il r\u00e9v\u00e8le que l\u2019organisme retrouve le pouvoir de corriger les probl\u00e8mes \u00e0 l\u2019origine du sympt\u00f4me. En g\u00e9n\u00e9ral, cela montre que l\u2019on a touch\u00e9 \u00e0 une cause profonde et assure la disparition d\u2019un amas de sympt\u00f4mes et de la non-r\u00e9apparition de ceux-ci, sauf si la personne retombait sur la m\u00eame cause. Ceci serait alors l\u2019indice d\u2019un traumatisme \u00e9motionnelle inconscient sur laquelle il conviendrait de se pencher.<\/p>\n<p>La personne peut donc naturellement pr\u00e9senter apr\u00e8s une bonne s\u00e9ance des signes de fatigue, des courbatures, des douleurs migrantes (un coup le genou fait mal, puis la hanche, les lombaires, puis tout \u00e7a dispara\u00eet alors qu\u2019une autre douleur survient \u00e0 la nuque, etc.). L\u2019intensit\u00e9 est tout \u00e0 fait variable et semble d\u00e9pendre de la chronicit\u00e9, des tissus concern\u00e9s et de l\u2019importance du traumatisme \u00e0 l\u2019origine de tous ces maux.<\/p>\n<p><i>Pourquoi n\u2019y a-t-il pas d\u2019effet rebond en m\u00e9decine\u00a0?<\/i><\/p>\n<p>L\u00e0 o\u00f9 la m\u00e9decine allopathique s\u2019occupe de r\u00e9duire ou de faire dispara\u00eetre les sympt\u00f4mes, les approches holistiques, elles, tentent de retracer l\u2019histoire de la maladie et d\u2019en corriger les causes sous-jacentes, car elles savent que si l\u2019on n\u2019atteint pas la cause, les cons\u00e9quences s\u2019\u00e9terniseront.<\/p>\n<p>L\u2019id\u00e9e est d\u2019\u00e9radiquer la cause puis de laisser le corps annuler toute l\u2019adaptation jusqu\u2019aux sympt\u00f4mes, ce qui suppose une p\u00e9riode de r\u00e9paration intense, dont le d\u00e9but est marqu\u00e9 par ce fameux effet rebond. Les patients ont l\u2019impression d\u2019un retour en arri\u00e8re, comme s\u2019ils revivaient \u00e0 rebours leurs anciens sympt\u00f4mes. On dit en ost\u00e9opathie que pour chaque ann\u00e9e d\u2019adaptation, il faut compter un mois de r\u00e9cup\u00e9ration. Je le pense, mais cela ne veut pas dire que le patient ressentira cette activit\u00e9 de fond pendant toute cette p\u00e9riode. Il sera lib\u00e9r\u00e9e avant, tandis que l\u2019organisme continue en sourdine \u00e0 travailler sur sa lanc\u00e9e.<\/p>\n<p>Si l\u2019on ne s\u2019attarde qu\u2019aux sympt\u00f4mes, en les r\u00e9duisant, d\u2019autres apparaissent. Il n\u2019y a aucun effet rebond. Le patient cherche un soulagement rapidement, il l\u2019obtient, mais progressivement, plusieurs jours, semaines ou mois, voire parfois quelques ann\u00e9es seulement apr\u00e8s, surviennent d\u2019autres probl\u00e8mes. C\u2019est pourquoi, il est int\u00e9ressant de s\u2019attarder beaucoup plus t\u00f4t sur le moindre signe que pr\u00e9sente la personne, aussi minime soit-il, parce qu\u2019il trahit d\u00e9j\u00e0 qu\u2019il se passe une chose dont l\u2019organisme n\u2019arrive pas \u00e0 se lib\u00e9rer. Inutile de laisser cela prendre des proportions avec le temps. Et je ne crois pas qu\u2019il s\u2019agisse de pr\u00e9vention, mais d\u2019un regard plus juste sur la maladie.<\/p>\n<p>Le danger dans tout cela est de confondre cet effet rebond avec une aggravation vraie. C\u2019est pourquoi il faut \u00eatre vigilant et surtout \u00e0 l\u2019\u00e9coute du patient, mais \u00e9galement du corps, qui lui ne ment pas. Il appara\u00eet qu\u2019une vraie relation d\u2019\u00e9quipe doive s\u2019instaurer entre le patient et le th\u00e9rapeute. Le patient doit participer \u00e0 sa sant\u00e9 et se responsabiliser. Il doit sortir du r\u00f4le de victime et surtout regarder ses angoisses en face. Quant au th\u00e9rapeute, il doit apprendre \u00e0 parler, \u00e0 expliquer avec des mots simples et traduire (une sorte de feed-back) ce qu\u2019exprime le corps. C\u2019est passionnant, et il serait \u00e9go\u00efste de garder tout cela pour soi, alors qu\u2019il s\u2019agit, tout de m\u00eame, du corps du patient ! Il incombe \u00e0 chacun d\u2019accepter ses propres limites, et accueillir l\u2019autre tel qu\u2019il est, climat \u00e0 partir duquel il est possible de construire quelque chose. Patient et th\u00e9rapeute peuvent alors se parler franchement sans se blesser. Et dans ce domaine, \u00eatre vrai est la pierre angulaire du soin.<\/p>\n<p><i>Comment r\u00e9agir ?<\/i><\/p>\n<p>La difficult\u00e9 est de cerner si l\u2019on est bien dans cette phase de r\u00e9paration ou non, sachant que certains tissus (l\u2019ovaire par exemple) peuvent r\u00e9agir jusqu\u2019\u00e0 3 mois apr\u00e8s la s\u00e9ance.\u00a0De ce fait, apr\u00e8s l\u2019effet rebond, la personne peut ne pas obtenir imm\u00e9diatement le r\u00e9sultat escompt\u00e9.<\/p>\n<p>On peut s\u2019aider de diverses substances naturelles :<\/p>\n<p>\u2013 De l\u2019<b>Arnica<\/b> en hom\u00e9opathie, <b>5CH<\/b> 3 granules toutes les heures au d\u00e9but, puis 3 granules 3x\/jour ensuite. Cela r\u00e9duit les oed\u00e8mes.<\/p>\n<p>\u2013 Du <b>Curcuma<\/b> en g\u00e9lules qu\u2019on trouve en pharmacie et en magasin di\u00e9t\u00e9tique. Associ\u00e9 au poivre vert, sa biodisponibilit\u00e9 est meilleure. Mais en g\u00e9n\u00e9ral, c\u2019est toujours sous cette forme qu\u2019on le trouve (le seul b\u00e9mol \u00e9tant que la g\u00e9lule n\u2019est pas forc\u00e9ment de la meilleure composition). Le Curcuma optimise\u00a0l\u2019inflammation\u00a0et la rend plus efficace, et donc moins intempestive. De ce fait, on peut consid\u00e9rer en quelque sorte cette \u00e9pice comme un anti-inflammatoire. Testez si jamais vous avez des aphtes, c\u2019est extraordinaire !<\/p>\n<p>\u2013 <b>Huile Essentielle H\u00e9lichryse<\/b> : 1 goutte par jour en voie interne (sur du miel par exemple) et 1 goutte pure ou m\u00e9lang\u00e9e avec une huile d\u2019olive, \u00e0 masser sur la zone \u00e0 probl\u00e8me. Cette huile essentielle r\u00e9duit consid\u00e9rablement le temps de r\u00e9cup\u00e9ration. C\u2019est assez surprenant.<\/p>\n<p>\u2013 Mettez <b>une bouillotte \u00e0 hauteur du foie<\/b>. La chaleur dilate les veines, ce qui fait un appel de sang veineux dans le foie et d\u00e9congestionne \u00e0 distance les zones d\u2019inflammation, sur lesquelles devrait \u00eatre appliqu\u00e9e simultan\u00e9ment une compresse froide par tranche de dix minutes.<\/p>\n<p>\u2013 Boire de l\u2019<b>eau<\/b>. C\u2019est b\u00eate, mais \u00e7a r\u00e9duit en effet la douleur.<\/p>\n<p>\u2013 <b>Reposez-vous !<\/b> Eh oui, c\u2019est en dormant qu\u2019on gu\u00e9rit le plus vite.<\/p>\n<p>\u2013 <b>Prenez du Magn\u00e9sium<\/b>. J\u2019en parle longuement dans <a href=\"http:\/\/conscience-et-sante.com\/magnesium-le-secret\/\">cet article<\/a>\u00a0o\u00f9 je conseille deux formes sp\u00e9cifiques (il y en a bien entendu d\u2019autres et c\u2019est \u00e0 voir au cas par cas). Le Magn\u00e9sium est consid\u00e9r\u00e9 comme un d\u00e9polluant de l\u2019organisme, mais il est aussi capable de calmer le corps et de le ramener dans une phase de r\u00e9cup\u00e9ration. Mais attention ! Si vous avez une dette en sommeil, attendez-vous \u00e0 \u00eatre assomm\u00e9 par le magn\u00e9sium. Le sommeil deviendra un imp\u00e9ratif contre lequel il sera difficile de lutter.<\/p>\n<p>\u2013 Remerciez votre corps, <b>gratifiez-le<\/b> et songez \u00e0 lui avec bienveillance. Il fait ce qu\u2019il faut et il le fait bien : il est nullement en d\u00e9faut !<\/p>\n<p>\u2013 Je d\u00e9conseille de prendre en premi\u00e8re intention des anti-inflammatoires traditionnels, sauf si n\u00e9cessaire, c\u2019est-\u00e0-dire si la douleur est insupportable (il est inutile de souffrir b\u00eatement). Comprenez que ces m\u00e9dicaments r\u00e9duisent l\u2019inflammation, or l\u2019inflammation est le seul outil \u00e0 la disposition du corps pour r\u00e9parer et r\u00e9tablir l\u2019\u00e9quilibre. Son autre moyen, semble t-il, est l\u2019aide apport\u00e9e par les virus et les bact\u00e9ries, mais c\u2019est un autre d\u00e9bat.<\/p>\n<p>Certains pesteront contre le th\u00e9rapeute \u2013 et ce, m\u00eame si l\u2019on pr\u00e9vient et explique auparavant cet effet \u2013 alors qu\u2019il s\u2019agit d\u2019un ph\u00e9nom\u00e8ne pour le moins naturel et connu d\u2019autres m\u00e9decines (ex : l\u2019hom\u00e9opathie). Cette aggravation est momentan\u00e9e et salutaire.<\/p>\n<p>Si la r\u00e9action est exacerb\u00e9e, la personne est invit\u00e9e \u00e0 pr\u00e9venir son th\u00e9rapeute des r\u00e9actions post-s\u00e9ances afin de s\u2019assurer qu\u2019il s\u2019agisse bien de cet effet. Mais il faut comprendre qu\u2019on ne peut demander \u00e0 son corps de reprendre sa course effr\u00e9n\u00e9e sans une p\u00e9riode de repos qui \u2013 si l\u2019on a oubli\u00e9 \u2013 porte le nom de \u00ab<b>convalescence<\/b>\u00bb.<\/p>\n","protected":false},"excerpt":{"rendered":"<p>Quand c\u2019est pire apr\u00e8s la s\u00e9ance de r\u00e9flexologie fortement inspir\u00e9 de\u00a0Wladislas BARATH,\u00a0ost\u00e9opathe &nbsp; Vous sortez d\u2019une s\u00e9ance et vous vous sentez bien. Mais voil\u00e0 qu\u2019apparait\u00a0le lendemain ou un peu plus tard, des signes pour le moins d\u00e9sagr\u00e9ables auxquels vous ne vous attendiez pas. Tout va pour le pire et vous regrettez peut-\u00eatre d\u2019avoir opt\u00e9 pour [&hellip;]<\/p>\n","protected":false},"author":1,"featured_media":0,"parent":53,"menu_order":9,"comment_status":"closed","ping_status":"open","template":"","meta":[],"_links":{"self":[{"href":"https:\/\/bercetessoucis.be\/index.php?rest_route=\/wp\/v2\/pages\/336"}],"collection":[{"href":"https:\/\/bercetessoucis.be\/index.php?rest_route=\/wp\/v2\/pages"}],"about":[{"href":"https:\/\/bercetessoucis.be\/index.php?rest_route=\/wp\/v2\/types\/page"}],"author":[{"embeddable":true,"href":"https:\/\/bercetessoucis.be\/index.php?rest_route=\/wp\/v2\/users\/1"}],"replies":[{"embeddable":true,"href":"https:\/\/bercetessoucis.be\/index.php?rest_route=%2Fwp%2Fv2%2Fcomments&post=336"}],"version-history":[{"count":4,"href":"https:\/\/bercetessoucis.be\/index.php?rest_route=\/wp\/v2\/pages\/336\/revisions"}],"predecessor-version":[{"id":403,"href":"https:\/\/bercetessoucis.be\/index.php?rest_route=\/wp\/v2\/pages\/336\/revisions\/403"}],"up":[{"embeddable":true,"href":"https:\/\/bercetessoucis.be\/index.php?rest_route=\/wp\/v2\/pages\/53"}],"wp:attachment":[{"href":"https:\/\/bercetessoucis.be\/index.php?rest_route=%2Fwp%2Fv2%2Fmedia&parent=336"}],"curies":[{"name":"wp","href":"https:\/\/api.w.org\/{rel}","templated":true}]}}