{"id":111,"date":"2013-09-13T18:21:41","date_gmt":"2013-09-13T18:21:41","guid":{"rendered":"http:\/\/bercetessoucis.be\/?page_id=111"},"modified":"2013-11-20T22:44:53","modified_gmt":"2013-11-20T22:44:53","slug":"suis-je-bien-dans-ma-tete","status":"publish","type":"page","link":"https:\/\/bercetessoucis.be\/?page_id=111","title":{"rendered":"La pens\u00e9e positive"},"content":{"rendered":"<p><a href=\"http:\/\/sebastienplante.blogspot.be\/2007\/11\/une-vrit-cache.html\"><span style=\"text-decoration: underline;\">Chronique\u00a0de\u00a0S\u00e9bastien Plante<\/span><\/a>, physioth\u00e9rapeute et ost\u00e9opathe.<\/p>\n<p>Il n&rsquo;y a pas si longtemps, les scientifiques croyaient que le cerveau de chaque individu \u00e9tait compos\u00e9 d&rsquo;un nombre de neurones limit\u00e9s qui d\u00e9clinaient graduellement avec l&rsquo;\u00e2ge. Ils <a href=\"http:\/\/bercetessoucis.be\/wp-content\/uploads\/2013\/09\/SAM_1124.jpg\"><img loading=\"lazy\" class=\"alignright size-medium wp-image-112\" alt=\"SAM_1124\" src=\"http:\/\/bercetessoucis.be\/wp-content\/uploads\/2013\/09\/SAM_1124-225x300.jpg\" width=\"225\" height=\"300\" srcset=\"https:\/\/bercetessoucis.be\/wp-content\/uploads\/2013\/09\/SAM_1124-225x300.jpg 225w, https:\/\/bercetessoucis.be\/wp-content\/uploads\/2013\/09\/SAM_1124-768x1024.jpg 768w, https:\/\/bercetessoucis.be\/wp-content\/uploads\/2013\/09\/SAM_1124-624x832.jpg 624w\" sizes=\"(max-width: 225px) 100vw, 225px\" \/><\/a>croyaient que les connexions \u00e0 l&rsquo;int\u00e9rieur du cerveau \u00e9taient d\u00e9finitives et non modifiables. Or, une surprise de taille attendait les chercheurs au coin du microscope quelques ann\u00e9es plus tard. Les recherches viennent de d\u00e9montrer que certains neurones du cerveau peuvent se r\u00e9g\u00e9n\u00e9rer et se modifier.<\/p>\n<p>&#8230;\/&#8230;<\/p>\n<p>Il est encore trop t\u00f4t pour conna\u00eetre l&rsquo;influence exacte des pens\u00e9es et des \u00e9motions sur cette plasticit\u00e9 neuronale. Cependant, cette r\u00e9organisation neuronale du cerveau est pr\u00e9sente tout au long de votre vie; c&rsquo;est-\u00e0-dire \u00e0 partir du moment o\u00f9 vous \u00eates con\u00e7ues dans le ventre de votre m\u00e8re jusqu&rsquo;\u00e0 votre mort. Toute exp\u00e9rience laisse des traces identifiables dans les circuits de neurones au niveau du cerveau. Cela pourrait constituer selon certains chercheurs l&rsquo;inconscient de chaque individu. Il a \u00e9t\u00e9 d\u00e9montr\u00e9 que lorsqu&rsquo;on r\u00e9active un souvenir, ces traces se\u00a0r\u00e9activent. On peut donc les<\/p>\n<p>transformer, les renforcer, les remodifier, les att\u00e9nuer ou les effacer. Cela vient corroborer plusieurs t\u00e9moignages de gu\u00e9rison par la pens\u00e9e positive, par l&rsquo;effet placebo, par la d\u00e9programmation cellulaire en biologie totale ou par la psychoth\u00e9rapie.<\/p>\n<p style=\"text-align: center;\"><strong>La pens\u00e9e a un effet d\u00e9terminant sur votre vie et<\/strong><\/p>\n<p style=\"text-align: center;\"><strong>sur les \u00e9v\u00e9nements qui vous arrivent.<\/strong><\/p>\n<p>&#8230;\/&#8230;<\/p>\n<p>&nbsp;<\/p>\n","protected":false},"excerpt":{"rendered":"<p>Chronique\u00a0de\u00a0S\u00e9bastien Plante, physioth\u00e9rapeute et ost\u00e9opathe. Il n&rsquo;y a pas si longtemps, les scientifiques croyaient que le cerveau de chaque individu \u00e9tait compos\u00e9 d&rsquo;un nombre de neurones limit\u00e9s qui d\u00e9clinaient graduellement avec l&rsquo;\u00e2ge. Ils croyaient que les connexions \u00e0 l&rsquo;int\u00e9rieur du cerveau \u00e9taient d\u00e9finitives et non modifiables. Or, une surprise de taille attendait les chercheurs au [&hellip;]<\/p>\n","protected":false},"author":1,"featured_media":0,"parent":157,"menu_order":1,"comment_status":"closed","ping_status":"closed","template":"","meta":[],"_links":{"self":[{"href":"https:\/\/bercetessoucis.be\/index.php?rest_route=\/wp\/v2\/pages\/111"}],"collection":[{"href":"https:\/\/bercetessoucis.be\/index.php?rest_route=\/wp\/v2\/pages"}],"about":[{"href":"https:\/\/bercetessoucis.be\/index.php?rest_route=\/wp\/v2\/types\/page"}],"author":[{"embeddable":true,"href":"https:\/\/bercetessoucis.be\/index.php?rest_route=\/wp\/v2\/users\/1"}],"replies":[{"embeddable":true,"href":"https:\/\/bercetessoucis.be\/index.php?rest_route=%2Fwp%2Fv2%2Fcomments&post=111"}],"version-history":[{"count":6,"href":"https:\/\/bercetessoucis.be\/index.php?rest_route=\/wp\/v2\/pages\/111\/revisions"}],"predecessor-version":[{"id":253,"href":"https:\/\/bercetessoucis.be\/index.php?rest_route=\/wp\/v2\/pages\/111\/revisions\/253"}],"up":[{"embeddable":true,"href":"https:\/\/bercetessoucis.be\/index.php?rest_route=\/wp\/v2\/pages\/157"}],"wp:attachment":[{"href":"https:\/\/bercetessoucis.be\/index.php?rest_route=%2Fwp%2Fv2%2Fmedia&parent=111"}],"curies":[{"name":"wp","href":"https:\/\/api.w.org\/{rel}","templated":true}]}}