{"id":102,"date":"2013-09-13T15:54:52","date_gmt":"2013-09-13T15:54:52","guid":{"rendered":"http:\/\/bercetessoucis.be\/?page_id=102"},"modified":"2013-11-22T18:39:14","modified_gmt":"2013-11-22T18:39:14","slug":"essai","status":"publish","type":"page","link":"https:\/\/bercetessoucis.be\/?page_id=102","title":{"rendered":"Base de notre sant\u00e9"},"content":{"rendered":"<h1 style=\"text-align: center;\"><span style=\"color: #339966;\">Notre<strong> sant\u00e9 est le bien le plus pr\u00e9cieux.<br \/>\nComment le pr\u00e9server?<br \/>\nTrois questions fondamentales doivent nous guider.<\/strong><\/span><\/h1>\n<p><strong><a href=\"http:\/\/bercetessoucis.be\/wp-content\/uploads\/2013\/09\/pens\u00e9e-positive.jpg\"><img loading=\"lazy\" class=\"alignright size-medium wp-image-108\" alt=\"pens\u00e9e-positive\" src=\"http:\/\/bercetessoucis.be\/wp-content\/uploads\/2013\/09\/pens\u00e9e-positive-300x194.jpg\" width=\"300\" height=\"194\" srcset=\"https:\/\/bercetessoucis.be\/wp-content\/uploads\/2013\/09\/pens\u00e9e-positive-300x194.jpg 300w, https:\/\/bercetessoucis.be\/wp-content\/uploads\/2013\/09\/pens\u00e9e-positive.jpg 400w\" sizes=\"(max-width: 300px) 100vw, 300px\" \/><\/a><\/strong><\/p>\n<p><strong>1 Suis-je bien dans ma t\u00eate?<\/strong><\/p>\n<p>a) la pens\u00e9e positive <a title=\"1 b) Suis-je bien dans ma t\u00eate?\" href=\"http:\/\/bercetessoucis.be\/?page_id=111\">(plus d&rsquo;infos)<\/a><\/p>\n<p>b) les fleurs de Bach <a title=\"1 a) Les fleurs de Bach\" href=\"http:\/\/bercetessoucis.be\/?page_id=117\">(plus d&rsquo;infos)<\/a><\/p>\n<p>c)\u00a0Comment produire naturellement\u00a0les \u00ab\u00a0hormones du bonheur\u00a0\u00bb ? <a title=\"1 c) Comment produire les hormones du bonheur\" href=\"http:\/\/bercetessoucis.be\/?page_id=126\">(plus d&rsquo;info)<\/a><\/p>\n<p>&nbsp;<\/p>\n<p><strong><a href=\"http:\/\/bercetessoucis.be\/wp-content\/uploads\/2013\/09\/SAM_0298.jpg\"><img loading=\"lazy\" class=\"size-medium wp-image-115 alignleft\" alt=\"SAM_0298\" src=\"http:\/\/bercetessoucis.be\/wp-content\/uploads\/2013\/09\/SAM_0298-300x225.jpg\" width=\"300\" height=\"225\" srcset=\"https:\/\/bercetessoucis.be\/wp-content\/uploads\/2013\/09\/SAM_0298-300x225.jpg 300w, https:\/\/bercetessoucis.be\/wp-content\/uploads\/2013\/09\/SAM_0298-1024x768.jpg 1024w, https:\/\/bercetessoucis.be\/wp-content\/uploads\/2013\/09\/SAM_0298-624x467.jpg 624w\" sizes=\"(max-width: 300px) 100vw, 300px\" \/><\/a><\/strong><\/p>\n<p><strong>2 Ai-je une alimentation plaisante en saveur, en couleur, en qualit\u00e9.<\/strong><\/p>\n<p>a) \u00a0la mastication\u00a0<a title=\"L\u2019importance de la mastication\" href=\"http:\/\/bercetessoucis.be\/?page_id=228\">(plus d&rsquo;info)<\/a><\/p>\n<p>b) la nutrition\u00a0<a title=\"Nutrition: introduction\" href=\"http:\/\/bercetessoucis.be\/?page_id=169\">(plus d&rsquo;info)<\/a><\/p>\n<p>c) les sucres\u00a0<a title=\"Les sucres\" href=\"http:\/\/bercetessoucis.be\/?page_id=222\">(plus d&rsquo;info)<\/a>, les graisses <a title=\"Les graisses, indispensables\" href=\"http:\/\/bercetessoucis.be\/?page_id=268\">(plus d&rsquo;info)<\/a>, les prot\u00e9ines <a title=\"Les prot\u00e9ines, incontournables\" href=\"http:\/\/bercetessoucis.be\/?page_id=270\">(plus d&rsquo;info)<\/a><\/p>\n<p>&nbsp;<\/p>\n<p><strong><a href=\"http:\/\/bercetessoucis.be\/wp-content\/uploads\/2013\/09\/001.gif\"><img loading=\"lazy\" class=\"alignright size-full wp-image-114\" alt=\"001\" src=\"http:\/\/bercetessoucis.be\/wp-content\/uploads\/2013\/09\/001.gif\" width=\"250\" height=\"244\" \/><\/a><\/strong><\/p>\n<p>&nbsp;<\/p>\n<p>&nbsp;<\/p>\n<p><strong>3 Ai-je une vie \u00e9panouissante pour mon corps?<\/strong><\/p>\n<p>&nbsp;<\/p>\n","protected":false},"excerpt":{"rendered":"<p>Notre sant\u00e9 est le bien le plus pr\u00e9cieux. Comment le pr\u00e9server? Trois questions fondamentales doivent nous guider. 1 Suis-je bien dans ma t\u00eate? a) la pens\u00e9e positive (plus d&rsquo;infos) b) les fleurs de Bach (plus d&rsquo;infos) c)\u00a0Comment produire naturellement\u00a0les \u00ab\u00a0hormones du bonheur\u00a0\u00bb ? (plus d&rsquo;info) &nbsp; 2 Ai-je une alimentation plaisante en saveur, en couleur, [&hellip;]<\/p>\n","protected":false},"author":1,"featured_media":0,"parent":0,"menu_order":3,"comment_status":"open","ping_status":"closed","template":"","meta":[],"_links":{"self":[{"href":"https:\/\/bercetessoucis.be\/index.php?rest_route=\/wp\/v2\/pages\/102"}],"collection":[{"href":"https:\/\/bercetessoucis.be\/index.php?rest_route=\/wp\/v2\/pages"}],"about":[{"href":"https:\/\/bercetessoucis.be\/index.php?rest_route=\/wp\/v2\/types\/page"}],"author":[{"embeddable":true,"href":"https:\/\/bercetessoucis.be\/index.php?rest_route=\/wp\/v2\/users\/1"}],"replies":[{"embeddable":true,"href":"https:\/\/bercetessoucis.be\/index.php?rest_route=%2Fwp%2Fv2%2Fcomments&post=102"}],"version-history":[{"count":15,"href":"https:\/\/bercetessoucis.be\/index.php?rest_route=\/wp\/v2\/pages\/102\/revisions"}],"predecessor-version":[{"id":287,"href":"https:\/\/bercetessoucis.be\/index.php?rest_route=\/wp\/v2\/pages\/102\/revisions\/287"}],"wp:attachment":[{"href":"https:\/\/bercetessoucis.be\/index.php?rest_route=%2Fwp%2Fv2%2Fmedia&parent=102"}],"curies":[{"name":"wp","href":"https:\/\/api.w.org\/{rel}","templated":true}]}}